{"id":208,"date":"2025-10-17T23:45:55","date_gmt":"2025-10-17T21:45:55","guid":{"rendered":"https:\/\/tocx.ch\/?page_id=208"},"modified":"2026-03-05T23:19:18","modified_gmt":"2026-03-05T22:19:18","slug":"sponsors","status":"publish","type":"page","link":"https:\/\/tocx.ch\/fr\/sponsors\/","title":{"rendered":"Nos sponsors"},"content":{"rendered":"<p>[et_pb_section fb_built=&#8221;1&#8243; _builder_version=&#8221;4.25.2&#8243; _module_preset=&#8221;default&#8221; global_colors_info=&#8221;{}&#8221;][et_pb_row _builder_version=&#8221;4.25.2&#8243; _module_preset=&#8221;default&#8221; global_colors_info=&#8221;{}&#8221;][et_pb_column type=&#8221;4_4&#8243; _builder_version=&#8221;4.25.2&#8243; _module_preset=&#8221;default&#8221; global_colors_info=&#8221;{}&#8221;][et_pb_text _builder_version=&#8221;4.25.2&#8243; _module_preset=&#8221;default&#8221; width=&#8221;100%&#8221; hover_enabled=&#8221;0&#8243; global_colors_info=&#8221;{}&#8221; sticky_enabled=&#8221;0&#8243;]<\/p>\n<h1><strong>Nos sponsors<\/strong>:<\/h1>\n<p>&nbsp;<\/p>\n<p>Le soutien de nos sponsors d\u00e9coule du manque d'attention accord\u00e9 au TOC en termes de temps et de qualit\u00e9 de traitement. L'innovation consiste \u00e0 s'interroger sur les probl\u00e8mes non r\u00e9solus. Avec l'av\u00e8nement des outils num\u00e9riques, le traitement est de plus en plus souvent dispens\u00e9 de mani\u00e8re pratique et dans un cadre personnalis\u00e9. Les liens que nous avons tiss\u00e9s avec les personnes souffrant de TOC depuis la naissance de notre id\u00e9e nous ont permis de passer plusieurs cycles de validation de notre business mod\u00e8le  et d'\u00e9valuation de notre \u00e9quipe. Cela nous a permis d'obtenir plusieurs bourses et de cr\u00e9er l'entreprise afin de faire avancer la cause au-del\u00e0 de la phase d'incubation.<\/p>\n<p>&nbsp;<\/p>\n<p>[\/et_pb_text][et_pb_image src=&#8221;https:\/\/tocx.ch\/wp-content\/uploads\/2025\/10\/unilogo_bleu-e1760736705970.jpg&#8221; title_text=&#8221;unilogo_bleu&#8221; _builder_version=&#8221;4.25.2&#8243; _module_preset=&#8221;default&#8221; transform_translate=&#8221;7px|0px&#8221; transform_translate_linked=&#8221;off&#8221; global_colors_info=&#8221;{}&#8221;][\/et_pb_image][et_pb_image src=&#8221;https:\/\/tocx.ch\/wp-content\/uploads\/2025\/10\/Innosuisse_Logo_supported_Initial_Coaching_rgb_EN-e1760736868347.png&#8221; title_text=&#8221;Innosuisse_Logo_supported_Initial_Coaching_rgb_EN&#8221; _builder_version=&#8221;4.25.2&#8243; _module_preset=&#8221;default&#8221; global_colors_info=&#8221;{}&#8221;][\/et_pb_image][et_pb_image src=&#8221;https:\/\/tocx.ch\/wp-content\/uploads\/2025\/10\/logo-fit-1-e1760738768681.png&#8221; title_text=&#8221;logo-fit&#8221; _builder_version=&#8221;4.25.2&#8243; _module_preset=&#8221;default&#8221; transform_translate=&#8221;-19px|0px&#8221; transform_translate_linked=&#8221;off&#8221; global_colors_info=&#8221;{}&#8221;][\/et_pb_image][et_pb_image src=&#8221;https:\/\/tocx.ch\/wp-content\/uploads\/2025\/10\/H4-LaSouce-logo-Color-e1760738522671.png&#8221; title_text=&#8221;H4-LaSouce-logo-Color&#8221; _builder_version=&#8221;4.25.2&#8243; _module_preset=&#8221;default&#8221; transform_translate=&#8221;-6px|0px&#8221; transform_translate_linked=&#8221;off&#8221; global_colors_info=&#8221;{}&#8221;][\/et_pb_image][\/et_pb_column][\/et_pb_row][\/et_pb_section]<\/p>","protected":false},"excerpt":{"rendered":"<p>Our sponsors: &nbsp; Our sponsors&#8217; support stems from the lack of attention for OCD in terms of time and quality of treatment. Innovation is questioning unaddressed problems. With the advent of digital tools, treatment is increasingly delivered conveniently and in a personalised setting. Our links to OCD sufferers from the inception of our idea has [&hellip;]<\/p>","protected":false},"author":1,"featured_media":0,"parent":0,"menu_order":0,"comment_status":"closed","ping_status":"closed","template":"","meta":{"_et_pb_use_builder":"on","_et_pb_old_content":"","_et_gb_content_width":"","_monsterinsights_skip_tracking":false,"_monsterinsights_sitenote_active":false,"_monsterinsights_sitenote_note":"","_monsterinsights_sitenote_category":0,"footnotes":""},"class_list":["post-208","page","type-page","status-publish","hentry"],"aioseo_notices":[],"_links":{"self":[{"href":"https:\/\/tocx.ch\/fr\/wp-json\/wp\/v2\/pages\/208","targetHints":{"allow":["GET"]}}],"collection":[{"href":"https:\/\/tocx.ch\/fr\/wp-json\/wp\/v2\/pages"}],"about":[{"href":"https:\/\/tocx.ch\/fr\/wp-json\/wp\/v2\/types\/page"}],"author":[{"embeddable":true,"href":"https:\/\/tocx.ch\/fr\/wp-json\/wp\/v2\/users\/1"}],"replies":[{"embeddable":true,"href":"https:\/\/tocx.ch\/fr\/wp-json\/wp\/v2\/comments?post=208"}],"version-history":[{"count":17,"href":"https:\/\/tocx.ch\/fr\/wp-json\/wp\/v2\/pages\/208\/revisions"}],"predecessor-version":[{"id":252,"href":"https:\/\/tocx.ch\/fr\/wp-json\/wp\/v2\/pages\/208\/revisions\/252"}],"wp:attachment":[{"href":"https:\/\/tocx.ch\/fr\/wp-json\/wp\/v2\/media?parent=208"}],"curies":[{"name":"wp","href":"https:\/\/api.w.org\/{rel}","templated":true}]}}