{"id":255,"date":"2026-03-06T13:31:06","date_gmt":"2026-03-06T12:31:06","guid":{"rendered":"https:\/\/tocx.ch\/?page_id=255"},"modified":"2026-03-06T18:47:46","modified_gmt":"2026-03-06T17:47:46","slug":"255-2","status":"publish","type":"page","link":"https:\/\/tocx.ch\/fr\/255-2\/","title":{"rendered":"Mission"},"content":{"rendered":"<p>[et_pb_section fb_built=&#8221;1&#8243; admin_label=&#8221;About&#8221; _builder_version=&#8221;4.25.2&#8243; _module_preset=&#8221;default&#8221; background_color=&#8221;#000000&#8243; locked=&#8221;off&#8221; collapsed=&#8221;off&#8221; global_colors_info=&#8221;{}&#8221;][et_pb_row make_equal=&#8221;on&#8221; _builder_version=&#8221;4.25.2&#8243; _module_preset=&#8221;default&#8221; global_colors_info=&#8221;{}&#8221;][et_pb_column type=&#8221;4_4&#8243; _builder_version=&#8221;4.25.2&#8243; _module_preset=&#8221;default&#8221; custom_padding=&#8221;60px||60px||true|false&#8221; custom_padding_tablet=&#8221;0px||0px||true|false&#8221; custom_padding_phone=&#8221;0px||0px||true|false&#8221; custom_padding_last_edited=&#8221;on|desktop&#8221; global_colors_info=&#8221;{}&#8221;][et_pb_text _builder_version=&#8221;4.22.1&#8243; _module_preset=&#8221;51be9263-75c1-4df4-b58a-0f9b29c961b0&#8243; header_4_text_color=&#8221;gcid-afa30cf2-6f5d-4b9c-aa39-7dbe1ac3b7a3&#8243; global_colors_info=&#8221;{%22gcid-afa30cf2-6f5d-4b9c-aa39-7dbe1ac3b7a3%22:%91%22header_4_text_color%22%93}&#8221;]<\/p>\n<h4>Notre approche<\/h4>\n<p>[\/et_pb_text][et_pb_text _builder_version=&#8221;4.25.2&#8243; _module_preset=&#8221;4725e650-dcef-4153-8738-e77190e4d6fd&#8221; header_2_text_color=&#8221;#FFFFFF&#8221; custom_margin=&#8221;||10px||false|false&#8221; custom_padding=&#8221;5px||1px|||&#8221; global_colors_info=&#8221;{}&#8221;]<\/p>\n<h2>Mission<\/h2>\n<p>[\/et_pb_text][et_pb_text _builder_version=&#8221;4.25.2&#8243; _module_preset=&#8221;d7e898cc-9887-4678-ab8a-58e98532a2d8&#8243; text_text_color=&#8221;#FFFFFF&#8221; global_colors_info=&#8221;{}&#8221;]<\/p>\n<p>Chez TOCx, nous pensons que nos clients m\u00e8nent une vie plus \u00e9panouissante lorsqu'ils en savent davantage sur les pathologies qui les affectent. Nous consid\u00e9rons que la psycho\u00e9ducation fait partie int\u00e9grante d'une approche holistique de la sant\u00e9, car elle permet \u00e9galement aux patients de se concentrer sur la pr\u00e9vention. L'\u00e9ducation et la modification du comportement, qui peuvent \u00eatre maintenues tout au long de la vie des patients, permettent d'\u00e9viter les rechutes.<\/p>\n<p>En tirant parti de la technologie et des donn\u00e9es, nous nous effor\u00e7ons de rendre le soutien \u00e0 la sant\u00e9 mentale accessible, efficace et personnalis\u00e9. Nous nous engageons \u00e0 am\u00e9liorer le bien-\u00eatre des personnes atteintes de TOC gr\u00e2ce \u00e0 des solutions num\u00e9riques.\u00a0<\/p>\n<p>[\/et_pb_text][\/et_pb_column][\/et_pb_row][et_pb_row make_equal=&#8221;on&#8221; _builder_version=&#8221;4.25.2&#8243; _module_preset=&#8221;default&#8221; custom_padding=&#8221;0px||||false|false&#8221; global_colors_info=&#8221;{}&#8221;][et_pb_column type=&#8221;4_4&#8243; _builder_version=&#8221;4.25.2&#8243; _module_preset=&#8221;default&#8221; custom_padding=&#8221;60px||60px||true|false&#8221; custom_padding_tablet=&#8221;0px||0px||true|false&#8221; custom_padding_phone=&#8221;0px||0px||true|false&#8221; custom_padding_last_edited=&#8221;on|desktop&#8221; global_colors_info=&#8221;{}&#8221;][et_pb_text _builder_version=&#8221;4.25.2&#8243; _module_preset=&#8221;4725e650-dcef-4153-8738-e77190e4d6fd&#8221; header_2_text_color=&#8221;#FFFFFF&#8221; custom_margin=&#8221;||10px||false|false&#8221; custom_padding=&#8221;5px||1px|||&#8221; global_colors_info=&#8221;{}&#8221;]<\/p>\n<h2>Vision<\/h2>\n<p>[\/et_pb_text][et_pb_text _builder_version=&#8221;4.25.2&#8243; _module_preset=&#8221;d7e898cc-9887-4678-ab8a-58e98532a2d8&#8243; text_text_color=&#8221;#FFFFFF&#8221; global_colors_info=&#8221;{}&#8221;]<\/p>\n<p>La sant\u00e9 n'est pas l'absence de maladie, mais la capacit\u00e9 \u00e0 s'en remettre et \u00e0 rebondir. D\u00e9velopper sa r\u00e9silience et sa capacit\u00e9 d'adaptation sont des facteurs multiplicateurs qui aident les patients \u00e0 surmonter leurs limites. Les patients peuvent tirer parti de leur flexibilit\u00e9 psychologique pour contr\u00f4ler la fa\u00e7on dont ils interpr\u00e8tent ce qui leur arrive.  Pour surmonter les troubles anxieux tels que le TOC, les patients sortent de leur zone de confort. \u00c0 mesure que les jeunes atteints de TOC \u00e0 un stade prodromique vieillissent, ils sont confront\u00e9s \u00e0 des \u00e9v\u00e9nements d\u00e9favorables qui portent atteinte \u00e0 leurs aspirations. Les personnes qui en souffrent ne doivent pas \u00eatre d\u00e9finies par leur maladie pathologique. Nous voulons que les patients m\u00e8nent une vie cr\u00e9ative, lib\u00e9r\u00e9s des limites qu'ils s'imposent \u00e0 eux-m\u00eames. En encourageant la flexibilit\u00e9 psychologique et en affrontant les peurs li\u00e9es au TOC, ils prennent conscience qu'ils sont capables de mener une vie \u00e9panouissante.<\/p>\n<p>[\/et_pb_text][\/et_pb_column][\/et_pb_row][et_pb_row _builder_version=&#8221;4.25.2&#8243; _module_preset=&#8221;default&#8221; border_color_all=&#8221;#000000&#8243; global_colors_info=&#8221;{}&#8221;][et_pb_column type=&#8221;4_4&#8243; _builder_version=&#8221;4.25.2&#8243; _module_preset=&#8221;default&#8221; global_colors_info=&#8221;{}&#8221;][et_pb_accordion _builder_version=&#8221;4.25.2&#8243; _module_preset=&#8221;default&#8221; border_width_all=&#8221;0px&#8221; global_colors_info=&#8221;{}&#8221;][et_pb_accordion_item open=&#8221;on&#8221; _builder_version=&#8221;4.25.2&#8243; _module_preset=&#8221;default&#8221; background_color=&#8221;#000000&#8243; background_enable_color=&#8221;on&#8221; global_colors_info=&#8221;{}&#8221;]<\/p>\n<p><img loading=\"lazy\" decoding=\"async\" src=\"https:\/\/tocx.ch\/wp-content\/uploads\/2024\/11\/cropped-Your-paragraph-text-1-300x300.png\" width=\"300\" height=\"300\" alt=\"\" class=\"wp-image-181 alignnone size-medium\" \/><\/p>\n<p>[\/et_pb_accordion_item][\/et_pb_accordion][\/et_pb_column][\/et_pb_row][\/et_pb_section]<\/p>","protected":false},"excerpt":{"rendered":"<p>Our ApproachMissionAt TOCx we believe our customers always lead more fulfilling lives when they know more about the pathologies that affect them. We believe psychoeducation is part of a holistic approach to health as it also enables patients to focus on prevention. Relapse is avoided through education and behaviour modification which can be maintained throughout [&hellip;]<\/p>","protected":false},"author":1,"featured_media":0,"parent":0,"menu_order":0,"comment_status":"closed","ping_status":"closed","template":"","meta":{"_et_pb_use_builder":"on","_et_pb_old_content":"","_et_gb_content_width":"","_monsterinsights_skip_tracking":false,"_monsterinsights_sitenote_active":false,"_monsterinsights_sitenote_note":"","_monsterinsights_sitenote_category":0,"footnotes":""},"class_list":["post-255","page","type-page","status-publish","hentry"],"aioseo_notices":[],"_links":{"self":[{"href":"https:\/\/tocx.ch\/fr\/wp-json\/wp\/v2\/pages\/255","targetHints":{"allow":["GET"]}}],"collection":[{"href":"https:\/\/tocx.ch\/fr\/wp-json\/wp\/v2\/pages"}],"about":[{"href":"https:\/\/tocx.ch\/fr\/wp-json\/wp\/v2\/types\/page"}],"author":[{"embeddable":true,"href":"https:\/\/tocx.ch\/fr\/wp-json\/wp\/v2\/users\/1"}],"replies":[{"embeddable":true,"href":"https:\/\/tocx.ch\/fr\/wp-json\/wp\/v2\/comments?post=255"}],"version-history":[{"count":21,"href":"https:\/\/tocx.ch\/fr\/wp-json\/wp\/v2\/pages\/255\/revisions"}],"predecessor-version":[{"id":323,"href":"https:\/\/tocx.ch\/fr\/wp-json\/wp\/v2\/pages\/255\/revisions\/323"}],"wp:attachment":[{"href":"https:\/\/tocx.ch\/fr\/wp-json\/wp\/v2\/media?parent=255"}],"curies":[{"name":"wp","href":"https:\/\/api.w.org\/{rel}","templated":true}]}}